{"id":3600,"date":"2022-03-21T14:44:49","date_gmt":"2022-03-21T18:44:49","guid":{"rendered":"https:\/\/colab.caslt.org\/a-propos\/"},"modified":"2025-07-17T09:49:00","modified_gmt":"2025-07-17T13:49:00","slug":"a-propos","status":"publish","type":"page","link":"https:\/\/colab.caslt.org\/fr\/a-propos\/","title":{"rendered":"\u00c0 propos"},"content":{"rendered":"\n<h2 class=\"wp-block-heading\">Qu\u2019est-ce que le CoLab ACPLS?<\/h2>\n\n\n\n<p><a href=\"https:\/\/www.caslt.org\/fr\/\" target=\"_blank\" rel=\"noreferrer noopener\">L\u2019Association canadienne des professeurs de langues secondes (ACPLS)<\/a> est heureuse de pr\u00e9senter le CoLab ACPLS.<\/p>\n\n\n\n<p>Le mot \u00ab CoLab \u00bb \u00e9voque la connexion, la communaut\u00e9, la collaboration et un lieu pour se rassembler et apprendre. Le CoLab ACPLS est votre carrefour d\u2019apprentissage professionnel et de croissance en tant qu\u2019enseignant(e) de langues additionnelles (L+).<\/p>\n\n\n\n<figure class=\"wp-block-embed is-type-video is-provider-vimeo wp-block-embed-vimeo wp-embed-aspect-16-9 wp-has-aspect-ratio\"><div class=\"wp-block-embed__wrapper\">\n<iframe loading=\"lazy\" title=\"Se connecter, apprendre et progresser avec le CoLab ACPLS\" src=\"https:\/\/player.vimeo.com\/video\/1011127279?dnt=1&amp;app_id=122963\" width=\"640\" height=\"360\" frameborder=\"0\" allow=\"autoplay; fullscreen; picture-in-picture; clipboard-write\"><\/iframe>\n<\/div><\/figure>\n\n\n\n<p>Explorez le site pour \u00e9tablir des liens, former et rejoindre des groupes, publier dans des forums de discussion et suivre des cours de perfectionnement professionnel asynchrones.<\/p>\n\n\n\n<p>En utilisant ce site, vous acceptez de respecter le <a href=\"https:\/\/colab.caslt.org\/fr\/\">Code de conduite du CoLab ACPLS<\/a>.<\/p>\n\n\n\n<h2 class=\"wp-block-heading\">Se connecter, apprendre, progresser<\/h2>\n\n\n\n<p>Le CoLab ACPLS est un espace en ligne con\u00e7u pour soutenir les enseignant(e)s de langues dans leur parcours professionnel. Cette plateforme a deux objectifs principaux : aider les enseignant(e)s de langues \u00e0 cr\u00e9er des communaut\u00e9s de pratique et fournir une grande vari\u00e9t\u00e9 de contenu d\u2019apprentissage professionnel de haute qualit\u00e9 que les enseignant(e)s peuvent compl\u00e9ter au moment de leur choix.<\/p>\n\n\n\n<p>Le CoLab ACPLS est con\u00e7u pour soutenir les enseignant(e)s de L+. Il vous aidera :<\/p>\n\n\n\n<ul class=\"wp-block-list\">\n<li>\u00e0 communiquer avec des coll\u00e8gues de partout au pays;<\/li>\n\n\n\n<li>\u00e0 am\u00e9liorer votre pratique professionnelle;<\/li>\n\n\n\n<li>\u00e0 apprendre de nouvelles strat\u00e9gies et perspectives pour progresser sur le plan professionnel et p\u00e9dagogique;<\/li>\n\n\n\n<li>\u00e0 partager des id\u00e9es et \u00e0 d\u00e9couvrir diverses fa\u00e7ons de penser et de faire;<\/li>\n\n\n\n<li>\u00e0 \u00e9largir votre r\u00e9seau professionnel;<\/li>\n\n\n\n<li>et bien plus encore!<\/li>\n<\/ul>\n\n\n\n<h2 class=\"wp-block-heading\">Comment utiliser la plateforme?<\/h2>\n\n\n\n<p>Le CoLab ACPLS est con\u00e7u pour \u00eatre flexible. Vous pouvez utiliser autant ou aussi peu de fonctions que vous le souhaitez. Voici quelques fonctions \u00e0 explorer :<\/p>\n\n\n\n<ul class=\"wp-block-list\">\n<li><a href=\"https:\/\/colab.caslt.org\/fr\/\">Fil de nouvelles<\/a> : Consultez et suivez les actualit\u00e9s des autres utilisateurs, incluant les publications, les mises \u00e0 jour de profil, les nouveaux cours ou le\u00e7ons dans le Centre d\u2019apprentissage, etc.<\/li>\n\n\n\n<li><a href=\"https:\/\/colab.caslt.org\/fr\/profil\/\">Profil<\/a> : Mettez \u00e0 jour votre profil avec autant ou aussi peu d\u2019informations que vous le souhaitez. Votre profil appara\u00eet dans l\u2019annuaire des membres et d\u2019autres utilisateurs peuvent le consulter et demander \u00e0 se connecter avec vous.<\/li>\n\n\n\n<li><a href=\"https:\/\/colab.caslt.org\/fr\/membres\/\">Annuaire des membres<\/a> : Parcourez l\u2019annuaire des membres pour trouver des coll\u00e8gues dans tout le pays et entrer en contact avec eux. Vous pouvez \u00ab&nbsp;suivre&nbsp;\u00bb n\u2019importe qui, et vous pouvez \u00e9galement envoyer des demandes d\u2019amiti\u00e9 pour pouvoir envoyer des messages priv\u00e9s.<\/li>\n\n\n\n<li><a href=\"https:\/\/colab.caslt.org\/fr\/groupes\/\">Groupes<\/a> : Cr\u00e9ez ou rejoignez des groupes en fonction de vos int\u00e9r\u00eats professionnels ou des domaines dans lesquels vous cherchez du soutien. Si vous ne voyez pas de groupe correspondant \u00e0 vos besoins, allez-y et cr\u00e9ez-en un!<\/li>\n\n\n\n<li><a href=\"https:\/\/colab.caslt.org\/fr\/catalogue-des-cours\/\">Catalogue des cours <\/a>: L\u2019ancien Centre d\u2019apprentissage de l\u2019ACPLS que vous connaissez et aimez est toujours disponible! Parcourez notre liste de cours, filtrez par cat\u00e9gories et suivez des cours de perfectionnement professionnel \u00e0 votre rythme. Plus vous compl\u00e9tez de le\u00e7ons et de cours, plus vous accumulez des points, ce qui peut vous permettre d\u2019acc\u00e9der au <a href=\"https:\/\/colab.caslt.org\/fr\/tableau-des-leaders\/\">Tableau des leaders<\/a>!<\/li>\n<\/ul>\n\n\n\n<h2 class=\"wp-block-heading\">Qui peut participer?<\/h2>\n\n\n\n<p>Le CoLab ACPLS est ouvert \u00e0 tous les membres de l\u2019ACPLS. Apprenez-en davantage sur l\u2019<a href=\"https:\/\/www.caslt.org\/fr\/avantages-de-ladhesion\/\" target=\"_blank\" rel=\"noopener\">adh\u00e9sion \u00e0 l\u2019ACPLS<\/a>.<\/p>\n\n\n\n<h2 class=\"wp-block-heading\">Questions<\/h2>\n\n\n\n<p>Envoyez-nous un courriel \u00e0 <a href=\"mailto:projects@caslt.org\">projects@caslt.org<\/a> ou <a href=\"https:\/\/colab.caslt.org\/en\/members\/projects-wp\/\">communiquez avec nous<\/a> sur la plateforme CoLab ACPLS.<\/p>\n","protected":false},"excerpt":{"rendered":"<p>Qu\u2019est-ce que le CoLab ACPLS? L\u2019Association canadienne des professeurs de langues secondes (ACPLS) est heureuse de pr\u00e9senter le CoLab ACPLS. Le mot \u00ab CoLab \u00bb&hellip;<\/p>\n","protected":false},"author":1,"featured_media":3730,"parent":0,"menu_order":0,"comment_status":"closed","ping_status":"closed","template":"","meta":{"_acf_changed":false,"footnotes":""},"class_list":["post-3600","page","type-page","status-publish","has-post-thumbnail","hentry"],"acf":[],"_links":{"self":[{"href":"https:\/\/colab.caslt.org\/fr\/wp-json\/wp\/v2\/pages\/3600","targetHints":{"allow":["GET"]}}],"collection":[{"href":"https:\/\/colab.caslt.org\/fr\/wp-json\/wp\/v2\/pages"}],"about":[{"href":"https:\/\/colab.caslt.org\/fr\/wp-json\/wp\/v2\/types\/page"}],"author":[{"embeddable":true,"href":"https:\/\/colab.caslt.org\/fr\/wp-json\/wp\/v2\/users\/1"}],"replies":[{"embeddable":true,"href":"https:\/\/colab.caslt.org\/fr\/wp-json\/wp\/v2\/comments?post=3600"}],"version-history":[{"count":9,"href":"https:\/\/colab.caslt.org\/fr\/wp-json\/wp\/v2\/pages\/3600\/revisions"}],"predecessor-version":[{"id":8925,"href":"https:\/\/colab.caslt.org\/fr\/wp-json\/wp\/v2\/pages\/3600\/revisions\/8925"}],"wp:featuredmedia":[{"embeddable":true,"href":"https:\/\/colab.caslt.org\/fr\/wp-json\/wp\/v2\/media\/3730"}],"wp:attachment":[{"href":"https:\/\/colab.caslt.org\/fr\/wp-json\/wp\/v2\/media?parent=3600"}],"curies":[{"name":"wp","href":"https:\/\/api.w.org\/{rel}","templated":true}]}}