{"id":4378,"date":"2022-09-26T10:19:32","date_gmt":"2022-09-26T14:19:32","guid":{"rendered":"https:\/\/colab.caslt.org\/?page_id=4378"},"modified":"2024-09-27T18:12:25","modified_gmt":"2024-09-27T22:12:25","slug":"code-de-conduite-colab-acpls","status":"publish","type":"page","link":"https:\/\/colab.caslt.org\/fr\/code-de-conduite-colab-acpls\/","title":{"rendered":"Code de conduite de CoLab ACPLS"},"content":{"rendered":"\n<p>En utilisant cette plateforme, vous acceptez d\u2019adh\u00e9rer au code de conduite suivant afin de garantir un environnement s\u00fbr, exempt de harc\u00e8lement, d\u2019intimidation et de tout autre comportement inappropri\u00e9.<\/p>\n\n\n\n<h2 class=\"wp-block-heading\">Utilisation de la plateforme CoLab ACPLS<\/h2>\n\n\n\n<p>Vous acceptez d\u2019utiliser la plateforme aux fins pr\u00e9vues (la cr\u00e9ation de communaut\u00e9s de pratique, la participation \u00e0 des activit\u00e9s de mentorat, le partage de strat\u00e9gies et de ressources, l\u2019acc\u00e8s \u00e0 du contenu de perfectionnement professionnel et l\u2019\u00e9tablissement de liens avec des professeurs de langues dans tout le pays).<\/p>\n\n\n\n<p>Vous ne pouvez pas utiliser la plateforme pour t\u00e9l\u00e9charger ou partager du mat\u00e9riel prot\u00e9g\u00e9 par des droits d\u2019auteur, tel que du mat\u00e9riel photocopi\u00e9 ou num\u00e9ris\u00e9, achet\u00e9 ou t\u00e9l\u00e9charg\u00e9 derri\u00e8re une barri\u00e8re payante, etc. Vous POUVEZ, cependant, partager des liens externes vers des ressources.<\/p>\n\n\n\n<p>Vous ne pouvez pas partager les informations personnelles d\u2019autrui. Par \u00ab personnel \u00bb, on entend les informations qui permettent d\u2019identifier une personne, comme l\u2019adresse du domicile, le num\u00e9ro de t\u00e9l\u00e9phone fixe ou portable, les informations relatives \u00e0 une carte de cr\u00e9dit, le num\u00e9ro d\u2019identification du membre ou le mot de passe. Les informations accessibles au public, telles que les celles figurant sur une carte d\u2019affaires ou un profil LinkedIn (nom, titre du poste, adresse professionnelle, t\u00e9l\u00e9phone professionnel et adresse \u00e9lectronique professionnelle), ne sont pas consid\u00e9r\u00e9es comme des informations personnelles.<\/p>\n\n\n\n<h2 class=\"wp-block-heading\">Attentes comportementales et culturelles<\/h2>\n\n\n\n<p>On s\u2019attend \u00e0 ce que vous adoptiez un comportement qui appuie les objectifs du CoLab ACPLS, soit la cr\u00e9ation de communaut\u00e9s de pratique, la participation \u00e0 des activit\u00e9s de mentorat, le partage de strat\u00e9gies et de ressources, l\u2019acc\u00e8s \u00e0 du contenu de perfectionnement professionnel et l\u2019\u00e9tablissement de liens avec d\u2019autres professeurs de langues. L\u2019intimidation, le harc\u00e8lement ou tout autre comportement inappropri\u00e9 (y compris, mais sans s\u2019y limiter, les menaces, les commentaires d\u00e9sobligeants, la discrimination et le harc\u00e8lement sexuel) ne seront pas tol\u00e9r\u00e9s.<\/p>\n\n\n\n<h2 class=\"wp-block-heading\">Actions disciplinaires<\/h2>\n\n\n\n<p>Reconnaissant que le CoLab ACPLS est de nature intrins\u00e8quement sociale et que les interactions sur la plateforme auront lieu soit en priv\u00e9 (c.-\u00e0-d. par messagerie directe), soit \u00e0 l&#8217;ext\u00e9rieur de la plateforme (c.-\u00e0-d. lors de r\u00e9unions en ligne ou en personne), les participants sont encourag\u00e9s \u00e0 signaler tout comportement inappropri\u00e9 \u00e0 l\u2019administrateur (<a href=\"mailto:projects@caslt.org\">projects@caslt.org<\/a>) et, le cas \u00e9ch\u00e9ant, \u00e0 fournir des preuves pertinentes.<\/p>\n\n\n\n<p>En fonction de la nature et de la gravit\u00e9 du comportement inappropri\u00e9, les participants en infraction peuvent recevoir un avertissement \u00e9crit ou se voir retirer leur acc\u00e8s \u00e0 la plateforme. Les participants qui re\u00e7oivent un avertissement \u00e9crit verront leur acc\u00e8s r\u00e9voqu\u00e9 si le comportement inappropri\u00e9 se poursuit.<\/p>\n\n\n\n<p>Selon la nature et la gravit\u00e9 du comportement inappropri\u00e9, l\u2019ACPLS peut \u00e9galement demander l\u2019intervention des forces polici\u00e8res.<\/p>\n\n\n\n<h2 class=\"wp-block-heading\">En utilisant cette plateforme, vous acceptez:<\/h2>\n\n\n\n<ul class=\"wp-block-list\"><li>de vous conformer aux conditions susmentionn\u00e9es;<\/li><li>de vous conformer au code de d\u00e9ontologie de l\u2019association professionnelle de la province ou du territoire o\u00f9 vous r\u00e9sidez ou \u00e0 laquelle vous \u00eates affili\u00e9(e);<\/li><li>de respecter toutes les lois f\u00e9d\u00e9rales, provinciales ou territoriales pertinentes ainsi que celles des autorit\u00e9s scolaires (p. ex., la disposition relative \u00e0 l\u2019utilisation \u00e9quitable, la Loi sur l\u2019acc\u00e8s \u00e0 l\u2019information, la Loi sur la protection des renseignements personnels, etc.);<\/li><li>d\u2019\u00e9tablir et de maintenir une relation positive et s\u00e9curitaire avec les autres participants, fond\u00e9e sur la confiance et la confidentialit\u00e9, afin que la communication puisse s\u2019effectuer sans crainte de jugement ou de divulgation;<\/li><li>de consid\u00e9rer que les participants sont des b\u00e9n\u00e9voles et ne re\u00e7oivent aucune compensation.<\/li><\/ul>\n","protected":false},"excerpt":{"rendered":"<p>En utilisant cette plateforme, vous acceptez d\u2019adh\u00e9rer au code de conduite suivant afin de garantir un environnement s\u00fbr, exempt de harc\u00e8lement, d\u2019intimidation et de tout&hellip;<\/p>\n","protected":false},"author":4,"featured_media":6428,"parent":0,"menu_order":0,"comment_status":"closed","ping_status":"closed","template":"","meta":{"_acf_changed":false,"footnotes":""},"class_list":["post-4378","page","type-page","status-publish","has-post-thumbnail","hentry"],"acf":[],"_links":{"self":[{"href":"https:\/\/colab.caslt.org\/fr\/wp-json\/wp\/v2\/pages\/4378","targetHints":{"allow":["GET"]}}],"collection":[{"href":"https:\/\/colab.caslt.org\/fr\/wp-json\/wp\/v2\/pages"}],"about":[{"href":"https:\/\/colab.caslt.org\/fr\/wp-json\/wp\/v2\/types\/page"}],"author":[{"embeddable":true,"href":"https:\/\/colab.caslt.org\/fr\/wp-json\/wp\/v2\/users\/4"}],"replies":[{"embeddable":true,"href":"https:\/\/colab.caslt.org\/fr\/wp-json\/wp\/v2\/comments?post=4378"}],"version-history":[{"count":4,"href":"https:\/\/colab.caslt.org\/fr\/wp-json\/wp\/v2\/pages\/4378\/revisions"}],"predecessor-version":[{"id":6507,"href":"https:\/\/colab.caslt.org\/fr\/wp-json\/wp\/v2\/pages\/4378\/revisions\/6507"}],"wp:featuredmedia":[{"embeddable":true,"href":"https:\/\/colab.caslt.org\/fr\/wp-json\/wp\/v2\/media\/6428"}],"wp:attachment":[{"href":"https:\/\/colab.caslt.org\/fr\/wp-json\/wp\/v2\/media?parent=4378"}],"curies":[{"name":"wp","href":"https:\/\/api.w.org\/{rel}","templated":true}]}}