{"id":5732,"date":"2023-10-16T20:48:59","date_gmt":"2023-10-17T00:48:59","guid":{"rendered":"https:\/\/colab.caslt.org\/social-media-inventory\/"},"modified":"2024-09-27T18:01:06","modified_gmt":"2024-09-27T22:01:06","slug":"inventaire-des-medias-sociaux","status":"publish","type":"page","link":"https:\/\/colab.caslt.org\/fr\/inventaire-des-medias-sociaux\/","title":{"rendered":"Inventaire des m\u00e9dias sociaux L+"},"content":{"rendered":"\n<p>Cette ressource propose une liste exhaustive de groupes et de pages de m\u00e9dias sociaux d\u00e9di\u00e9s aux enseignant(e)s de langues. Que vous cherchiez \u00e0 entrer en contact avec d&#8217;autres enseignants, \u00e0 partager des id\u00e9es ou \u00e0 trouver l&#8217;inspiration, cet inventaire interactif est votre point de d\u00e9part. Vos contributions et suggestions sont les bienvenues pour enrichir continuellement cette ressource. N&#8217;h\u00e9sitez pas \u00e0 nous envoyer un courriel \u00e0 <a href=\"mailto:projects@caslt.org\">projects@caslt.org<\/a> afin d&#8217;\u00e9largir sa port\u00e9e et son utilit\u00e9.<\/p>\n\n\n\n<iframe loading=\"lazy\" style=\"border: none;\" src=\"https:\/\/view-awesome-table.com\/-MuIPcSNIdYv0eTB2y9d\/view\" width=\"100%\" height=\"1500px\"><\/iframe>\n","protected":false},"excerpt":{"rendered":"<p>Cette ressource propose une liste exhaustive de groupes et de pages de m\u00e9dias sociaux d\u00e9di\u00e9s aux enseignant(e)s de langues. Que vous cherchiez \u00e0 entrer en&hellip;<\/p>\n","protected":false},"author":4,"featured_media":6442,"parent":0,"menu_order":0,"comment_status":"closed","ping_status":"closed","template":"","meta":{"_acf_changed":false,"footnotes":""},"class_list":["post-5732","page","type-page","status-publish","has-post-thumbnail","hentry"],"acf":[],"_links":{"self":[{"href":"https:\/\/colab.caslt.org\/fr\/wp-json\/wp\/v2\/pages\/5732","targetHints":{"allow":["GET"]}}],"collection":[{"href":"https:\/\/colab.caslt.org\/fr\/wp-json\/wp\/v2\/pages"}],"about":[{"href":"https:\/\/colab.caslt.org\/fr\/wp-json\/wp\/v2\/types\/page"}],"author":[{"embeddable":true,"href":"https:\/\/colab.caslt.org\/fr\/wp-json\/wp\/v2\/users\/4"}],"replies":[{"embeddable":true,"href":"https:\/\/colab.caslt.org\/fr\/wp-json\/wp\/v2\/comments?post=5732"}],"version-history":[{"count":3,"href":"https:\/\/colab.caslt.org\/fr\/wp-json\/wp\/v2\/pages\/5732\/revisions"}],"predecessor-version":[{"id":5736,"href":"https:\/\/colab.caslt.org\/fr\/wp-json\/wp\/v2\/pages\/5732\/revisions\/5736"}],"wp:featuredmedia":[{"embeddable":true,"href":"https:\/\/colab.caslt.org\/fr\/wp-json\/wp\/v2\/media\/6442"}],"wp:attachment":[{"href":"https:\/\/colab.caslt.org\/fr\/wp-json\/wp\/v2\/media?parent=5732"}],"curies":[{"name":"wp","href":"https:\/\/api.w.org\/{rel}","templated":true}]}}